{"id":13202,"date":"2025-08-03T11:59:57","date_gmt":"2025-08-03T11:59:57","guid":{"rendered":"https:\/\/www.yachtingsector.com.tr\/etkinlik-noktasi\/"},"modified":"2025-08-15T11:52:42","modified_gmt":"2025-08-15T11:52:42","slug":"event-location","status":"publish","type":"page","link":"https:\/\/www.yachtingsector.com.tr\/en\/event-location\/","title":{"rendered":"Event Location"},"content":{"rendered":"\t\t<div data-elementor-type=\"wp-page\" data-elementor-id=\"13202\" class=\"elementor elementor-13202 elementor-10829\" data-elementor-post-type=\"page\">\n\t\t\t\t<div class=\"elementor-element elementor-element-4996801 e-flex e-con-boxed tm-col-stretched-none tm-bg-color-over-image e-con e-parent\" data-id=\"4996801\" data-element_type=\"container\" data-e-type=\"container\" data-settings=\"{&quot;background_background&quot;:&quot;classic&quot;}\">\n\t\t\t\t\t<div class=\"e-con-inner\">\n\t\t<div class=\"elementor-element elementor-element-766abbc e-flex e-con-boxed tm-col-stretched-none tm-bg-color-over-image e-con e-child\" data-id=\"766abbc\" data-element_type=\"container\" data-e-type=\"container\">\n\t\t\t\t\t<div class=\"e-con-inner\">\n\t\t<div class=\"elementor-element elementor-element-384c840 e-con-full e-flex tm-col-stretched-none tm-bg-color-over-image e-con e-child\" data-id=\"384c840\" data-element_type=\"container\" data-e-type=\"container\">\n\t\t\t\t<div class=\"elementor-element elementor-element-9ab9fba horizontal-line-align-left vertical-line-align-bottom elementor-widget elementor-widget-tm-ele-section-title\" data-id=\"9ab9fba\" data-element_type=\"widget\" data-e-type=\"widget\" data-widget_type=\"tm-ele-section-title.default\">\n\t\t\t\t<div class=\"elementor-widget-container\">\n\t\t\t\t\t<div class=\"tm-sc-section-title section-title \">\r\n\t<div class=\"title-wrapper\">\r\n\t\t\t\t\t\t\t<h2 class=\"title tm-split-text split-in-left\">\r\n\r\n\t\t\r\n\t\t\t\t<span class=\"title-part1 \">IYS 2025 International Yachting Sector Summit and Meeting Days<\/span>\r\n\t\t\t\t\r\n\t\t\r\n\t<\/h2>\r\n\t<div class=\"title-seperator-line\"><\/div>\t\t\r\n\r\n<div class=\"sub-title-outer\">\r\n\t\t<div class=\"subtitle \">\r\n\r\n\t\t\r\n\t\tEvent Location\t<\/div>\r\n\t<\/div>\t\t\t\t<\/div>\r\n<\/div>\t\t\t\t<\/div>\n\t\t\t\t<\/div>\n\t\t\t\t<div class=\"elementor-element elementor-element-792332d elementor-widget elementor-widget-image\" data-id=\"792332d\" data-element_type=\"widget\" data-e-type=\"widget\" data-widget_type=\"image.default\">\n\t\t\t\t\t\t\t\t\t\t\t\t\t\t\t<img decoding=\"async\" width=\"200\" height=\"73\" data-src=\"https:\/\/www.yachtingsector.com.tr\/wp-content\/uploads\/2025\/08\/logo-15.png\" class=\"attachment-large size-large wp-image-12858 lazyload\" alt=\"\" src=\"data:image\/svg+xml;base64,PHN2ZyB3aWR0aD0iMSIgaGVpZ2h0PSIxIiB4bWxucz0iaHR0cDovL3d3dy53My5vcmcvMjAwMC9zdmciPjwvc3ZnPg==\" style=\"--smush-placeholder-width: 200px; --smush-placeholder-aspect-ratio: 200\/73;\" \/>\t\t\t\t\t\t\t\t\t\t\t\t\t\t\t<\/div>\n\t\t\t\t<div class=\"elementor-element elementor-element-8e076c5 elementor-widget elementor-widget-tm-ele-text-editor\" data-id=\"8e076c5\" data-element_type=\"widget\" data-e-type=\"widget\" data-widget_type=\"tm-ele-text-editor.default\">\n\t\t\t\t<div class=\"elementor-widget-container\">\n\t\t\t\t\t\t\t<div class=\"tm-text-editor\">\r\n\t\t<div bis_skin_checked=\"1\"><article class=\"text-token-text-primary w-full focus:outline-none scroll-mt-[calc(var(--header-height)+min(200px,max(70px,20svh)))]\" dir=\"auto\" data-turn-id=\"request-689da166-41ac-8325-938d-0f1e5d9687de-62\" data-testid=\"conversation-turn-270\" data-scroll-anchor=\"true\" data-turn=\"assistant\" tabindex=\"-1\"><div class=\"text-base my-auto mx-auto pb-10 [--thread-content-margin:--spacing(4)] @[37rem]:[--thread-content-margin:--spacing(6)] @[72rem]:[--thread-content-margin:--spacing(16)] px-(--thread-content-margin)\"><div class=\"[--thread-content-max-width:32rem] @[34rem]:[--thread-content-max-width:40rem] @[64rem]:[--thread-content-max-width:48rem] mx-auto max-w-(--thread-content-max-width) flex-1 group\/turn-messages focus-visible:outline-hidden relative flex w-full min-w-0 flex-col agent-turn\" tabindex=\"-1\"><div class=\"flex max-w-full flex-col grow\"><div data-message-author-role=\"assistant\" data-message-id=\"10bb1e51-6845-4a15-8de0-dfead4b8aed0\" dir=\"auto\" class=\"min-h-8 text-message relative flex w-full flex-col items-end gap-2 text-start break-words whitespace-normal [.text-message+&amp;]:mt-5\" data-message-model-slug=\"gpt-5-instant\"><div class=\"flex w-full flex-col gap-1 empty:hidden first:pt-[3px]\"><div class=\"markdown prose dark:prose-invert w-full break-words light markdown-new-styling\"><p data-start=\"0\" data-end=\"67\" data-is-last-node=\"\" data-is-only-node=\"\">The Only Event in T\u00fcrkiye That Brings the Yachting Industry Together<\/p><\/div><\/div><\/div><\/div><div class=\"flex min-h-[46px] justify-start\"><\/div><\/div><\/div><\/article><div aria-hidden=\"true\" data-edge=\"true\" class=\"pointer-events-none h-px w-px\"><\/div><\/div><div bis_skin_checked=\"1\"><\/div>\t\t<\/div>\r\n\t\t\t\t\t<\/div>\n\t\t\t\t<\/div>\n\t\t\t\t<\/div>\n\t\t<div class=\"elementor-element elementor-element-77316d0 e-con-full tm-col-stretched-none e-flex tm-bg-color-over-image e-con e-child\" data-id=\"77316d0\" data-element_type=\"container\" data-e-type=\"container\">\n\t\t\t\t<div class=\"elementor-element elementor-element-eb1661c elementor-widget elementor-widget-text-editor\" data-id=\"eb1661c\" data-element_type=\"widget\" data-e-type=\"widget\" data-widget_type=\"text-editor.default\">\n\t\t\t\t\t\t\t\t\t<div bis_skin_checked=\"1\"><p data-start=\"0\" data-end=\"196\">From December 5\u20137, 2025, the IYS 2025 International Yachting Sector Summit and Meeting Days will be held at the Marmaris Grand Yaz\u0131c\u0131 Hotel, becoming the key meeting point of the yachting world.<\/p><p data-start=\"198\" data-end=\"596\">Last year, <strong data-start=\"209\" data-end=\"221\">IYS 2024<\/strong> hosted over 150 companies, brought together more than 2,000 professionals, and saw countless new collaborations, making it a pulse point for the industry. <strong data-start=\"377\" data-end=\"389\">IYS 2025<\/strong> has expanded its scope with more participants, a larger event area, and new category sponsors. New sessions focused on technological innovations and sustainable solutions are among this year\u2019s highlights.<\/p><p data-start=\"598\" data-end=\"673\" data-is-last-node=\"\" data-is-only-node=\"\">You can check the map below to see the exact location of the event venue.<\/p><\/div>\t\t\t\t\t\t\t\t<\/div>\n\t\t\t\t<\/div>\n\t\t\t\t\t<\/div>\n\t\t\t\t<\/div>\n\t\t<div class=\"elementor-element elementor-element-f0b6225 e-con-full tm-col-stretched-none e-flex tm-bg-color-over-image e-con e-child\" data-id=\"f0b6225\" data-element_type=\"container\" data-e-type=\"container\">\n\t\t\t\t<div class=\"elementor-element elementor-element-05c2615 elementor-widget elementor-widget-google_maps\" data-id=\"05c2615\" data-element_type=\"widget\" data-e-type=\"widget\" data-widget_type=\"google_maps.default\">\n\t\t\t\t\t\t\t<div class=\"elementor-custom-embed\">\n\t\t\t<iframe\n\t\t\t\t\tdata-src=\"https:\/\/maps.google.com\/maps?q=%C4%B0%C3%A7meler%20mah.%2C%20Atat%C3%BCrk%20Cad.%20No%3A62%2C%2048700%20Marmaris%2FPamucak%20Mevkii%2FMarmaris%2FMu%C4%9Fla&#038;t=m&#038;z=10&#038;output=embed&#038;iwloc=near\"\n\t\t\t\t\ttitle=\"\u0130\u00e7meler mah., Atat\u00fcrk Cad. No:62, 48700 Marmaris\/Pamucak Mevkii\/Marmaris\/Mu\u011fla\"\n\t\t\t\t\taria-label=\"\u0130\u00e7meler mah., Atat\u00fcrk Cad. No:62, 48700 Marmaris\/Pamucak Mevkii\/Marmaris\/Mu\u011fla\"\n\t\t\t src=\"data:image\/svg+xml;base64,PHN2ZyB3aWR0aD0iMSIgaGVpZ2h0PSIxIiB4bWxucz0iaHR0cDovL3d3dy53My5vcmcvMjAwMC9zdmciPjwvc3ZnPg==\" class=\"lazyload\" data-load-mode=\"1\"><\/iframe>\n\t\t<\/div>\n\t\t\t\t\t\t<\/div>\n\t\t\t\t<\/div>\n\t\t\t\t\t<\/div>\n\t\t\t\t<\/div>\n\t\t\t\t<\/div>\n\t\t","protected":false},"excerpt":{"rendered":"<p>IYS 2025 International Yachting Sector Summit and Meeting Days Event Location The Only Event in T\u00fcrkiye That Brings the Yachting&#8230;<\/p>\n","protected":false},"author":2,"featured_media":0,"parent":0,"menu_order":0,"comment_status":"closed","ping_status":"closed","template":"","meta":{"footnotes":""},"class_list":["post-13202","page","type-page","status-publish","hentry"],"_links":{"self":[{"href":"https:\/\/www.yachtingsector.com.tr\/en\/wp-json\/wp\/v2\/pages\/13202","targetHints":{"allow":["GET"]}}],"collection":[{"href":"https:\/\/www.yachtingsector.com.tr\/en\/wp-json\/wp\/v2\/pages"}],"about":[{"href":"https:\/\/www.yachtingsector.com.tr\/en\/wp-json\/wp\/v2\/types\/page"}],"author":[{"embeddable":true,"href":"https:\/\/www.yachtingsector.com.tr\/en\/wp-json\/wp\/v2\/users\/2"}],"replies":[{"embeddable":true,"href":"https:\/\/www.yachtingsector.com.tr\/en\/wp-json\/wp\/v2\/comments?post=13202"}],"version-history":[{"count":10,"href":"https:\/\/www.yachtingsector.com.tr\/en\/wp-json\/wp\/v2\/pages\/13202\/revisions"}],"predecessor-version":[{"id":13622,"href":"https:\/\/www.yachtingsector.com.tr\/en\/wp-json\/wp\/v2\/pages\/13202\/revisions\/13622"}],"wp:attachment":[{"href":"https:\/\/www.yachtingsector.com.tr\/en\/wp-json\/wp\/v2\/media?parent=13202"}],"curies":[{"name":"wp","href":"https:\/\/api.w.org\/{rel}","templated":true}]}}